{"id":9,"date":"2021-02-22T17:14:08","date_gmt":"2021-02-22T16:14:08","guid":{"rendered":"https:\/\/montazvzt.cz\/?page_id=9"},"modified":"2021-05-14T17:23:54","modified_gmt":"2021-05-14T15:23:54","slug":"domu","status":"publish","type":"page","link":"https:\/\/montazvzt.cz\/","title":{"rendered":"Dom\u016f"},"content":{"rendered":"<div class=\"col-md-5\">\n<h3>O Hestia<\/h3>\n<p>Pot\u0159ebujete v\u00edce informac\u00ed? Podrobn\u00e9 informace o tom, jak pou\u017e\u00edvat Hestia, naleznete v na\u0161\u00ed \u00fapln\u00e9 dokumentaci.<\/p>\n<\/div>\n<div class=\"col-md-6 col-md-offset-1\"><img class=\"size-medium alignright\" src=\"https:\/\/montazvzt.cz\/wp-content\/themes\/hestia\/assets\/img\/about-content.png\"><\/div>\n","protected":false},"excerpt":{"rendered":"<p>O Hestia Pot\u0159ebujete v\u00edce informac\u00ed? Podrobn\u00e9 informace o tom, jak pou\u017e\u00edvat Hestia, naleznete v na\u0161\u00ed \u00fapln\u00e9 dokumentaci.<\/p>\n","protected":false},"author":1,"featured_media":12,"parent":0,"menu_order":0,"comment_status":"closed","ping_status":"closed","template":"","meta":[],"wppr_data":{"cwp_meta_box_check":"No"},"yoast_head":"<!-- This site is optimized with the Yoast SEO plugin v16.2 - https:\/\/yoast.com\/wordpress\/plugins\/seo\/ -->\n<title>Mont\u00e1\u017e VZT - vzduchotechnika a rekuperace<\/title>\n<meta name=\"description\" content=\"Na\u0161\u00ed specializac\u00ed je vzduchotechnika a rekuperace. Zajist\u00edme projekt VZT, dod\u00e1vku, mont\u00e1\u017e VZT a n\u00e1sledn\u00fd servis. R\u00e1di V\u00e1m pom\u016f\u017eeme.\" \/>\n<meta name=\"robots\" content=\"index, follow, max-snippet:-1, max-image-preview:large, max-video-preview:-1\" \/>\n<link rel=\"canonical\" href=\"https:\/\/montazvzt.cz\/\" \/>\n<meta property=\"og:locale\" content=\"cs_CZ\" \/>\n<meta property=\"og:type\" content=\"article\" \/>\n<meta property=\"og:title\" content=\"Mont\u00e1\u017e VZT - vzduchotechnika a rekuperace\" \/>\n<meta property=\"og:description\" content=\"Na\u0161\u00ed specializac\u00ed je vzduchotechnika a rekuperace. Zajist\u00edme projekt VZT, dod\u00e1vku, mont\u00e1\u017e VZT a n\u00e1sledn\u00fd servis. R\u00e1di V\u00e1m pom\u016f\u017eeme.\" \/>\n<meta property=\"og:url\" content=\"https:\/\/montazvzt.cz\/\" \/>\n<meta property=\"og:site_name\" content=\"Mont\u00e1\u017e VZT\" \/>\n<meta property=\"article:modified_time\" content=\"2021-05-14T15:23:54+00:00\" \/>\n<meta property=\"og:image\" content=\"https:\/\/montazvzt.cz\/wp-content\/uploads\/2021\/02\/chairs-2181960_1920.jpg\" \/>\n\t<meta property=\"og:image:width\" content=\"1920\" \/>\n\t<meta property=\"og:image:height\" content=\"1280\" \/>\n<meta name=\"twitter:card\" content=\"summary_large_image\" \/>\n<meta name=\"twitter:label1\" content=\"Odhadovan\u00e1 doba \u010dten\u00ed\">\n\t<meta name=\"twitter:data1\" content=\"1 minuta\">\n<script type=\"application\/ld+json\" class=\"yoast-schema-graph\">{\"@context\":\"https:\/\/schema.org\",\"@graph\":[{\"@type\":\"WebSite\",\"@id\":\"https:\/\/montazvzt.cz\/#website\",\"url\":\"https:\/\/montazvzt.cz\/\",\"name\":\"Mont\\u00e1\\u017e VZT\",\"description\":\"mont\\u00e1\\u017e vzduchotechniky a rekuperace\",\"potentialAction\":[{\"@type\":\"SearchAction\",\"target\":\"https:\/\/montazvzt.cz\/?s={search_term_string}\",\"query-input\":\"required name=search_term_string\"}],\"inLanguage\":\"cs\"},{\"@type\":\"ImageObject\",\"@id\":\"https:\/\/montazvzt.cz\/#primaryimage\",\"inLanguage\":\"cs\",\"url\":\"https:\/\/montazvzt.cz\/wp-content\/uploads\/2021\/02\/chairs-2181960_1920.jpg\",\"contentUrl\":\"https:\/\/montazvzt.cz\/wp-content\/uploads\/2021\/02\/chairs-2181960_1920.jpg\",\"width\":1920,\"height\":1280},{\"@type\":\"WebPage\",\"@id\":\"https:\/\/montazvzt.cz\/#webpage\",\"url\":\"https:\/\/montazvzt.cz\/\",\"name\":\"Mont\\u00e1\\u017e VZT - vzduchotechnika a rekuperace\",\"isPartOf\":{\"@id\":\"https:\/\/montazvzt.cz\/#website\"},\"primaryImageOfPage\":{\"@id\":\"https:\/\/montazvzt.cz\/#primaryimage\"},\"datePublished\":\"2021-02-22T16:14:08+00:00\",\"dateModified\":\"2021-05-14T15:23:54+00:00\",\"description\":\"Na\\u0161\\u00ed specializac\\u00ed je vzduchotechnika a rekuperace. Zajist\\u00edme projekt VZT, dod\\u00e1vku, mont\\u00e1\\u017e VZT a n\\u00e1sledn\\u00fd servis. R\\u00e1di V\\u00e1m pom\\u016f\\u017eeme.\",\"breadcrumb\":{\"@id\":\"https:\/\/montazvzt.cz\/#breadcrumb\"},\"inLanguage\":\"cs\",\"potentialAction\":[{\"@type\":\"ReadAction\",\"target\":[\"https:\/\/montazvzt.cz\/\"]}]},{\"@type\":\"BreadcrumbList\",\"@id\":\"https:\/\/montazvzt.cz\/#breadcrumb\",\"itemListElement\":[{\"@type\":\"ListItem\",\"position\":1,\"item\":{\"@type\":\"WebPage\",\"@id\":\"https:\/\/montazvzt.cz\/\",\"url\":\"https:\/\/montazvzt.cz\/\",\"name\":\"dom\\u016f\"}},{\"@type\":\"ListItem\",\"position\":2,\"item\":{\"@id\":\"https:\/\/montazvzt.cz\/#webpage\"}}]}]}<\/script>\n<!-- \/ Yoast SEO plugin. -->","_links":{"self":[{"href":"https:\/\/montazvzt.cz\/index.php?rest_route=\/wp\/v2\/pages\/9"}],"collection":[{"href":"https:\/\/montazvzt.cz\/index.php?rest_route=\/wp\/v2\/pages"}],"about":[{"href":"https:\/\/montazvzt.cz\/index.php?rest_route=\/wp\/v2\/types\/page"}],"author":[{"embeddable":true,"href":"https:\/\/montazvzt.cz\/index.php?rest_route=\/wp\/v2\/users\/1"}],"replies":[{"embeddable":true,"href":"https:\/\/montazvzt.cz\/index.php?rest_route=%2Fwp%2Fv2%2Fcomments&post=9"}],"version-history":[{"count":2,"href":"https:\/\/montazvzt.cz\/index.php?rest_route=\/wp\/v2\/pages\/9\/revisions"}],"predecessor-version":[{"id":52,"href":"https:\/\/montazvzt.cz\/index.php?rest_route=\/wp\/v2\/pages\/9\/revisions\/52"}],"wp:featuredmedia":[{"embeddable":true,"href":"https:\/\/montazvzt.cz\/index.php?rest_route=\/wp\/v2\/media\/12"}],"wp:attachment":[{"href":"https:\/\/montazvzt.cz\/index.php?rest_route=%2Fwp%2Fv2%2Fmedia&parent=9"}],"curies":[{"name":"wp","href":"https:\/\/api.w.org\/{rel}","templated":true}]}}